{"id":10378,"date":"2024-12-17T16:11:10","date_gmt":"2024-12-17T15:11:10","guid":{"rendered":"https:\/\/www.christinavondreien.com\/?page_id=10378"},"modified":"2024-12-17T16:11:15","modified_gmt":"2024-12-17T15:11:15","slug":"geschenkkarte","status":"publish","type":"page","link":"https:\/\/www.christinavondreien.com\/en\/hilfe\/geschenkkarte\/","title":{"rendered":"Geschenkkarte"},"content":{"rendered":"\n<h1 class=\"wp-block-heading\">H\u00e4ufige Fragen zur Geschenkkarte<\/h1>\n\n\n\n<h2 class=\"wp-block-heading\">Geschenkkarte einl\u00f6sen<\/h2>\n\n\n\n<p>Es gibt 2 M\u00f6glichkeiten, deine Geschenkkarte einzul\u00f6sen. Entweder du gibst den Code der Geschenkkarte an der Kasse ein, oder du f\u00fcgst die Geschenkkarte zu deinem Account hinzu.<\/p>\n\n\n\n<h3 class=\"wp-block-heading\">Geschenkkarte an der Kasse einl\u00f6sen<\/h3>\n\n\n\n<p>Um die Geschenkkarte ohne bestehenden Account einzul\u00f6sen, kannst du den Code an der Kasse eingeben. <\/p>\n\n\n\n<p><strong>Wichtig:<\/strong> Es gibt 2 unterschiedliche Felder. Einmal f\u00fcr den Gutschein und einmal f\u00fcr die Geschenkkarte. <br>Der Code der Geschenkkarte funktioniert nur im entsprechenden Feld und nur auf der Seite &#8220;Kasse&#8221;. <\/p>\n\n\n\n<h3 class=\"wp-block-heading\">Geschenkkarte zum Account hinzuf\u00fcgen<\/h3>\n\n\n\n<p>Wenn du bereits einen Account hast, wirst du in der Kasse automatisch dazu aufgefordert, dich einzuloggen. Solltest du dein Passwort vergessen haben, kannst du es direkt in der Kasse zur\u00fccksetzen und dich anmelden. <\/p>\n\n\n\n<p>Sobald du angemeldet bist, kannst du in der Kasse auf der rechten Seite mit einer Checkbox ausw\u00e4hlen, ob du die Geschenkkarte zu deinem Account hinzuf\u00fcgen m\u00f6chtest. <\/p>\n\n\n\n<p>Alternativ kannst du in der Mail mit deiner Geschenkkarte auf &#8220;Zum Konto hinzuf\u00fcgen&#8221; klicken. Wenn du dich dazu entscheidest, die Geschenkkarte mit deinem Konto zu verkn\u00fcpfen, wird bei jedem zuk\u00fcnftigen Kauf gefragt, ob du das Guthaben verwenden m\u00f6chtest, solange ein Guthaben besteht.<\/p>\n\n\n\n<p>Deine Geschenkkarten kannst du immer in deinem Account einsehen und verwalten. Besuche dazu einfach diese Seite: <a href=\"https:\/\/www.christinavondreien.com\/mein-account\/giftcards\/\">Geschenkkarten<\/a>. Auf der entsprechenden Seite kannst du deine Geschenkkarte manuell hinzuf\u00fcgen und dein Guthaben und die K\u00e4ufe mit dem Guthaben \u00fcberpr\u00fcfen. <\/p>\n\n\n\n<h2 class=\"wp-block-heading\">Geschenkkarte mit Abo verwenden<\/h2>\n\n\n\n<p>Die Geschenkkarte kann auch f\u00fcr ein Community- oder G\u00f6nner-Abo verwendet werden. Solltest du dich f\u00fcr einen j\u00e4hrlichen Kauf entscheiden, wird der Betrag einfach von der ersten Buchung abgezogen. <\/p>\n\n\n\n<p>Solltest du dich f\u00fcr ein monatliches Abo entscheiden, wird auch die erste Abbuchung mit dem Guthaben verrechnet. Sollte das Guthaben auf der Geschenkkarte gr\u00f6\u00dfer sein, als der Preis des Abos, kann es leider nicht automatisch bei der 2. Abbuchung verwendet werden. M\u00f6chtest du in diesem Fall dein Abo mit der Geschenkkarte verl\u00e4ngern, musst du in deinen Account gehen unter: <\/p>\n\n\n\n<p>Shop Account verwalten \u00e2\u2020\u2019 Abonnements <\/p>\n\n\n\n<p>W\u00e4hle nun den Punkt &#8220;verl\u00e4ngern&#8221; aus. Mit der Verl\u00e4ngerung l\u00f6st du eine Folgebestellung aus, bei der du das Guthaben ausw\u00e4hlen kannst. <\/p>\n","protected":false},"excerpt":{"rendered":"<p>H\u00e4ufige Fragen zur Geschenkkarte Geschenkkarte einl\u00f6sen Es gibt 2 M\u00f6glichkeiten, deine Geschenkkarte einzul\u00f6sen. Entweder du gibst den Code der Geschenkkarte an der Kasse ein, oder&hellip;<\/p>\n","protected":false},"author":649,"featured_media":0,"parent":9742,"menu_order":0,"comment_status":"closed","ping_status":"closed","template":"","meta":{"pmpro_default_level":"","_kad_blocks_custom_css":"","_kad_blocks_head_custom_js":"","_kad_blocks_body_custom_js":"","_kad_blocks_footer_custom_js":"","footnotes":""},"class_list":["post-10378","page","type-page","status-publish","hentry","pmpro-has-access"],"taxonomy_info":[],"featured_image_src_large":false,"author_info":{"display_name":"jukes","author_link":"https:\/\/www.christinavondreien.com\/en\/author\/jukes\/"},"comment_info":0,"_links":{"self":[{"href":"https:\/\/www.christinavondreien.com\/en\/wp-json\/wp\/v2\/pages\/10378","targetHints":{"allow":["GET"]}}],"collection":[{"href":"https:\/\/www.christinavondreien.com\/en\/wp-json\/wp\/v2\/pages"}],"about":[{"href":"https:\/\/www.christinavondreien.com\/en\/wp-json\/wp\/v2\/types\/page"}],"author":[{"embeddable":true,"href":"https:\/\/www.christinavondreien.com\/en\/wp-json\/wp\/v2\/users\/649"}],"replies":[{"embeddable":true,"href":"https:\/\/www.christinavondreien.com\/en\/wp-json\/wp\/v2\/comments?post=10378"}],"version-history":[{"count":0,"href":"https:\/\/www.christinavondreien.com\/en\/wp-json\/wp\/v2\/pages\/10378\/revisions"}],"up":[{"embeddable":true,"href":"https:\/\/www.christinavondreien.com\/en\/wp-json\/wp\/v2\/pages\/9742"}],"wp:attachment":[{"href":"https:\/\/www.christinavondreien.com\/en\/wp-json\/wp\/v2\/media?parent=10378"}],"curies":[{"name":"wp","href":"https:\/\/api.w.org\/{rel}","templated":true}]}}