{"id":2641,"date":"2024-07-09T12:58:57","date_gmt":"2024-07-09T12:58:57","guid":{"rendered":"https:\/\/www.christinavondreien.com\/?page_id=2641"},"modified":"2024-12-05T15:55:35","modified_gmt":"2024-12-05T14:55:35","slug":"kontakt","status":"publish","type":"page","link":"https:\/\/www.christinavondreien.com\/en\/hilfe\/kontakt\/","title":{"rendered":"Kontakt"},"content":{"rendered":"\n<h1 class=\"wp-block-heading\">Kontakt<\/h1>\n\n\n<style>.kadence-column2641_a0b0f2-e8 > .kt-inside-inner-col{padding-top:var(--global-kb-spacing-md, 2rem);padding-right:var(--global-kb-spacing-md, 2rem);padding-bottom:var(--global-kb-spacing-md, 2rem);padding-left:var(--global-kb-spacing-md, 2rem);}.kadence-column2641_a0b0f2-e8 > .kt-inside-inner-col,.kadence-column2641_a0b0f2-e8 > .kt-inside-inner-col:before{border-top-left-radius:10px;border-top-right-radius:10px;border-bottom-right-radius:10px;border-bottom-left-radius:10px;}.kadence-column2641_a0b0f2-e8 > .kt-inside-inner-col{column-gap:var(--global-kb-gap-sm, 1rem);}.kadence-column2641_a0b0f2-e8 > .kt-inside-inner-col{flex-direction:column;}.kadence-column2641_a0b0f2-e8 > .kt-inside-inner-col > .aligncenter{width:100%;}.kadence-column2641_a0b0f2-e8 > .kt-inside-inner-col:before{opacity:0.66;background-image:linear-gradient(60deg,rgb(155,81,224) 0%,rgb(247,141,167) 100%);}.kadence-column2641_a0b0f2-e8{position:relative;}.kadence-column2641_a0b0f2-e8, .kt-inside-inner-col > .kadence-column2641_a0b0f2-e8:not(.specificity){margin-top:var(--global-kb-spacing-lg, 3rem);}@media all and (max-width: 1024px){.kadence-column2641_a0b0f2-e8 > .kt-inside-inner-col{flex-direction:column;justify-content:center;}}@media all and (max-width: 767px){.kadence-column2641_a0b0f2-e8 > .kt-inside-inner-col{flex-direction:column;justify-content:center;}}<\/style>\n<div class=\"wp-block-kadence-column kadence-column2641_a0b0f2-e8 kb-section-has-overlay\"><div class=\"kt-inside-inner-col\">\n<h2 class=\"wp-block-heading\">Wichtige Informationen f\u00fcr einen Kontakt<\/h2>\n\n\n\n<p>Gesch\u00e4tzter Besucher unserer Website.<\/p>\n\n\n\n<p>Uns erreichen jede Woche hunderte von gut gemeinten Mails und Kommentaren, Lebensgeschichten, Projektofferten, Bewerbungsschreiben und Anfragen und Einladungen aller Art. Diese werden alle ernst genommen und gelesen. Bitte habe deshalb Verst\u00e4ndnis daf\u00fcr, dass wir die vielen Briefe und Mails nicht alle beantworten k\u00f6nnen und auf viele Fragen nicht eingehen k\u00f6nnen, insbesondere nicht, wenn es um Krankheiten und die pers\u00f6nlichen Schicksale geht. Auf Christinas Lebensplan sind keine Einzelberatungen vorgesehen, sie vergibt keine Termine.<\/p>\n\n\n\n<p>F\u00fcr die Beantwortung von Fragen und Anliegen bietet Christina Hilfe zur Selbsthilfe mit ihren Blogs, Filmen, B\u00fcchern, Seminaren, Projekten und mit den TV-Sendungen.<\/p>\n\n\n\n<p>Wir danken dir f\u00fcr dein Verst\u00e4ndnis!<br>Dein Christina von Dreien \u2013 Team<\/p>\n<\/div><\/div>\n\n\n<style>.kb-row-layout-id2641_cd84f2-ae > .kt-row-column-wrap{align-content:start;}:where(.kb-row-layout-id2641_cd84f2-ae > .kt-row-column-wrap) > .wp-block-kadence-column{justify-content:start;}.kb-row-layout-id2641_cd84f2-ae > .kt-row-column-wrap{column-gap:var(--global-kb-gap-md, 2rem);row-gap:var(--global-kb-gap-md, 2rem);padding-top:var(--global-kb-spacing-sm, 1.5rem);padding-bottom:var(--global-kb-spacing-sm, 1.5rem);grid-template-columns:repeat(2, minmax(0, 1fr));}.kb-row-layout-id2641_cd84f2-ae > .kt-row-layout-overlay{opacity:0.30;}@media all and (max-width: 1024px){.kb-row-layout-id2641_cd84f2-ae > .kt-row-column-wrap{grid-template-columns:repeat(2, minmax(0, 1fr));}}@media all and (max-width: 767px){.kb-row-layout-id2641_cd84f2-ae > .kt-row-column-wrap{grid-template-columns:minmax(0, 1fr);}}<\/style><div class=\"kb-row-layout-wrap kb-row-layout-id2641_cd84f2-ae alignnone wp-block-kadence-rowlayout\"><div class=\"kt-row-column-wrap kt-has-2-columns kt-row-layout-equal kt-tab-layout-inherit kt-mobile-layout-row kt-row-valign-top\">\n<style>.kadence-column2641_a045e2-d3 > .kt-inside-inner-col{padding-top:var(--global-kb-spacing-md, 2rem);padding-right:var(--global-kb-spacing-xs, 1rem);padding-bottom:var(--global-kb-spacing-xxs, 0.5rem);padding-left:var(--global-kb-spacing-xs, 1rem);}.kadence-column2641_a045e2-d3 > .kt-inside-inner-col{box-shadow:0px 0px 14px 0px rgba(0, 0, 0, 0.2);}.kadence-column2641_a045e2-d3 > .kt-inside-inner-col,.kadence-column2641_a045e2-d3 > .kt-inside-inner-col:before{border-top-left-radius:10px;border-top-right-radius:10px;border-bottom-right-radius:10px;border-bottom-left-radius:10px;}.kadence-column2641_a045e2-d3 > .kt-inside-inner-col{column-gap:var(--global-kb-gap-sm, 1rem);}.kadence-column2641_a045e2-d3 > .kt-inside-inner-col{flex-direction:column;}.kadence-column2641_a045e2-d3 > .kt-inside-inner-col > .aligncenter{width:100%;}.kadence-column2641_a045e2-d3 > .kt-inside-inner-col:before{opacity:0.3;}.kadence-column2641_a045e2-d3{position:relative;}@media all and (max-width: 1024px){.kadence-column2641_a045e2-d3 > .kt-inside-inner-col{flex-direction:column;justify-content:center;}}@media all and (max-width: 767px){.kadence-column2641_a045e2-d3 > .kt-inside-inner-col{flex-direction:column;justify-content:center;}}<\/style>\n<div class=\"wp-block-kadence-column kadence-column2641_a045e2-d3\"><div class=\"kt-inside-inner-col\">\n<p>Informationen und Anmeldung zu Vor-Ort Tickets erh\u00e4ltst du unter&nbsp;<\/p>\n\n\n\n<p><a href=\"mailto:team@christinavondreien.com\">TEAM@CHRISTINAVONDREIEN.COM<\/a><\/p>\n<\/div><\/div>\n\n\n<style>.kadence-column2641_246c66-45 > .kt-inside-inner-col{padding-top:var(--global-kb-spacing-md, 2rem);padding-right:var(--global-kb-spacing-xs, 1rem);padding-bottom:var(--global-kb-spacing-xxs, 0.5rem);padding-left:var(--global-kb-spacing-xs, 1rem);}.kadence-column2641_246c66-45 > .kt-inside-inner-col{box-shadow:0px 0px 14px 0px rgba(0, 0, 0, 0.2);}.kadence-column2641_246c66-45 > .kt-inside-inner-col,.kadence-column2641_246c66-45 > .kt-inside-inner-col:before{border-top-left-radius:10px;border-top-right-radius:10px;border-bottom-right-radius:10px;border-bottom-left-radius:10px;}.kadence-column2641_246c66-45 > .kt-inside-inner-col{column-gap:var(--global-kb-gap-sm, 1rem);}.kadence-column2641_246c66-45 > .kt-inside-inner-col{flex-direction:column;}.kadence-column2641_246c66-45 > .kt-inside-inner-col > .aligncenter{width:100%;}.kadence-column2641_246c66-45 > .kt-inside-inner-col:before{opacity:0.3;}.kadence-column2641_246c66-45{position:relative;}@media all and (max-width: 1024px){.kadence-column2641_246c66-45 > .kt-inside-inner-col{flex-direction:column;justify-content:center;}}@media all and (max-width: 767px){.kadence-column2641_246c66-45 > .kt-inside-inner-col{flex-direction:column;justify-content:center;}}<\/style>\n<div class=\"wp-block-kadence-column kadence-column2641_246c66-45\"><div class=\"kt-inside-inner-col\">\n<p>Informationen und Anmeldung zu Vor-Ort Tickets erh\u00e4ltst du unter&nbsp;<\/p>\n\n\n\n<p><a href=\"mailto:team@christinavondreien.com\">TEAM@CHRISTINAVONDREIEN.COM<\/a><\/p>\n<\/div><\/div>\n\n<\/div><\/div>\n\n<style>.kb-row-layout-id2641_2e3fec-5b > .kt-row-column-wrap{align-content:start;}:where(.kb-row-layout-id2641_2e3fec-5b > .kt-row-column-wrap) > .wp-block-kadence-column{justify-content:start;}.kb-row-layout-id2641_2e3fec-5b > .kt-row-column-wrap{column-gap:var(--global-kb-gap-md, 2rem);row-gap:var(--global-kb-gap-md, 2rem);padding-top:var(--global-kb-spacing-sm, 1.5rem);padding-bottom:var(--global-kb-spacing-sm, 1.5rem);grid-template-columns:repeat(2, minmax(0, 1fr));}.kb-row-layout-id2641_2e3fec-5b > .kt-row-layout-overlay{opacity:0.30;}@media all and (max-width: 1024px){.kb-row-layout-id2641_2e3fec-5b > .kt-row-column-wrap{grid-template-columns:repeat(2, minmax(0, 1fr));}}@media all and (max-width: 767px){.kb-row-layout-id2641_2e3fec-5b > .kt-row-column-wrap{grid-template-columns:minmax(0, 1fr);}}<\/style><div class=\"kb-row-layout-wrap kb-row-layout-id2641_2e3fec-5b alignnone wp-block-kadence-rowlayout\"><div class=\"kt-row-column-wrap kt-has-2-columns kt-row-layout-equal kt-tab-layout-inherit kt-mobile-layout-row kt-row-valign-top\">\n<style>.kadence-column2641_d3bf76-12 > .kt-inside-inner-col{padding-top:var(--global-kb-spacing-md, 2rem);padding-right:var(--global-kb-spacing-xs, 1rem);padding-bottom:var(--global-kb-spacing-xxs, 0.5rem);padding-left:var(--global-kb-spacing-xs, 1rem);}.kadence-column2641_d3bf76-12 > .kt-inside-inner-col{box-shadow:0px 0px 14px 0px rgba(0, 0, 0, 0.2);}.kadence-column2641_d3bf76-12 > .kt-inside-inner-col,.kadence-column2641_d3bf76-12 > .kt-inside-inner-col:before{border-top-left-radius:10px;border-top-right-radius:10px;border-bottom-right-radius:10px;border-bottom-left-radius:10px;}.kadence-column2641_d3bf76-12 > .kt-inside-inner-col{column-gap:var(--global-kb-gap-sm, 1rem);}.kadence-column2641_d3bf76-12 > .kt-inside-inner-col{flex-direction:column;}.kadence-column2641_d3bf76-12 > .kt-inside-inner-col > .aligncenter{width:100%;}.kadence-column2641_d3bf76-12 > .kt-inside-inner-col:before{opacity:0.3;}.kadence-column2641_d3bf76-12{position:relative;}@media all and (max-width: 1024px){.kadence-column2641_d3bf76-12 > .kt-inside-inner-col{flex-direction:column;justify-content:center;}}@media all and (max-width: 767px){.kadence-column2641_d3bf76-12 > .kt-inside-inner-col{flex-direction:column;justify-content:center;}}<\/style>\n<div class=\"wp-block-kadence-column kadence-column2641_d3bf76-12\"><div class=\"kt-inside-inner-col\">\n<p>Fragen zu Tickets und Zahlungen richtest du bitte an<\/p>\n\n\n\n<p><a href=\"mailto:support@christinavondreien.ch\">SUPPORT@CHRISTINAVONDREIEN.COM<\/a><\/p>\n<\/div><\/div>\n\n\n<style>.kadence-column2641_5ebf5e-53 > .kt-inside-inner-col{padding-top:var(--global-kb-spacing-md, 2rem);padding-right:var(--global-kb-spacing-xs, 1rem);padding-bottom:var(--global-kb-spacing-xxs, 0.5rem);padding-left:var(--global-kb-spacing-xs, 1rem);}.kadence-column2641_5ebf5e-53 > .kt-inside-inner-col{box-shadow:0px 0px 14px 0px rgba(0, 0, 0, 0.2);}.kadence-column2641_5ebf5e-53 > .kt-inside-inner-col,.kadence-column2641_5ebf5e-53 > .kt-inside-inner-col:before{border-top-left-radius:10px;border-top-right-radius:10px;border-bottom-right-radius:10px;border-bottom-left-radius:10px;}.kadence-column2641_5ebf5e-53 > .kt-inside-inner-col{column-gap:var(--global-kb-gap-sm, 1rem);}.kadence-column2641_5ebf5e-53 > .kt-inside-inner-col{flex-direction:column;}.kadence-column2641_5ebf5e-53 > .kt-inside-inner-col > .aligncenter{width:100%;}.kadence-column2641_5ebf5e-53 > .kt-inside-inner-col:before{opacity:0.3;}.kadence-column2641_5ebf5e-53{position:relative;}@media all and (max-width: 1024px){.kadence-column2641_5ebf5e-53 > .kt-inside-inner-col{flex-direction:column;justify-content:center;}}@media all and (max-width: 767px){.kadence-column2641_5ebf5e-53 > .kt-inside-inner-col{flex-direction:column;justify-content:center;}}<\/style>\n<div class=\"wp-block-kadence-column kadence-column2641_5ebf5e-53\"><div class=\"kt-inside-inner-col\">\n<p>Alle \u00fcbrigen Anfragen richtest du bitte an<\/p>\n\n\n\n<p><a href=\"mailto:kontakt@christinavondreien.ch\">KONTAKT@CHRISTINAVONDREIEN.COM<\/a><\/p>\n<\/div><\/div>\n\n<\/div><\/div>","protected":false},"excerpt":{"rendered":"<p>Kontakt Wichtige Informationen f\u00fcr einen Kontakt Gesch\u00e4tzter Besucher unserer Website. Uns erreichen jede Woche hunderte von gut gemeinten Mails und Kommentaren, Lebensgeschichten, Projektofferten, Bewerbungsschreiben und&hellip;<\/p>\n","protected":false},"author":5,"featured_media":0,"parent":9742,"menu_order":0,"comment_status":"closed","ping_status":"closed","template":"","meta":{"pmpro_default_level":"","_kad_blocks_custom_css":"","_kad_blocks_head_custom_js":"","_kad_blocks_body_custom_js":"","_kad_blocks_footer_custom_js":"","footnotes":""},"class_list":["post-2641","page","type-page","status-publish","hentry","pmpro-has-access"],"taxonomy_info":[],"featured_image_src_large":false,"author_info":{"display_name":"Christina","author_link":"https:\/\/www.christinavondreien.com\/en\/author\/christina\/"},"comment_info":0,"_links":{"self":[{"href":"https:\/\/www.christinavondreien.com\/en\/wp-json\/wp\/v2\/pages\/2641","targetHints":{"allow":["GET"]}}],"collection":[{"href":"https:\/\/www.christinavondreien.com\/en\/wp-json\/wp\/v2\/pages"}],"about":[{"href":"https:\/\/www.christinavondreien.com\/en\/wp-json\/wp\/v2\/types\/page"}],"author":[{"embeddable":true,"href":"https:\/\/www.christinavondreien.com\/en\/wp-json\/wp\/v2\/users\/5"}],"replies":[{"embeddable":true,"href":"https:\/\/www.christinavondreien.com\/en\/wp-json\/wp\/v2\/comments?post=2641"}],"version-history":[{"count":1,"href":"https:\/\/www.christinavondreien.com\/en\/wp-json\/wp\/v2\/pages\/2641\/revisions"}],"predecessor-version":[{"id":48143,"href":"https:\/\/www.christinavondreien.com\/en\/wp-json\/wp\/v2\/pages\/2641\/revisions\/48143"}],"up":[{"embeddable":true,"href":"https:\/\/www.christinavondreien.com\/en\/wp-json\/wp\/v2\/pages\/9742"}],"wp:attachment":[{"href":"https:\/\/www.christinavondreien.com\/en\/wp-json\/wp\/v2\/media?parent=2641"}],"curies":[{"name":"wp","href":"https:\/\/api.w.org\/{rel}","templated":true}]}}