{"id":7715,"date":"2024-10-28T16:41:55","date_gmt":"2024-10-28T14:41:55","guid":{"rendered":"https:\/\/www.christinavondreien.com\/?page_id=7715"},"modified":"2024-10-28T16:42:00","modified_gmt":"2024-10-28T14:42:00","slug":"flyer-information","status":"publish","type":"page","link":"https:\/\/www.christinavondreien.com\/en\/flyer-information\/","title":{"rendered":"Flyer Information"},"content":{"rendered":"<style>.kb-row-layout-wrap.wp-block-kadence-rowlayout.kb-row-layout-id7715_000d08-11{margin-bottom:var(--global-kb-spacing-md, 2rem);}.kb-row-layout-id7715_000d08-11 > .kt-row-column-wrap{align-content:start;}:where(.kb-row-layout-id7715_000d08-11 > .kt-row-column-wrap) > .wp-block-kadence-column{justify-content:start;}.kb-row-layout-id7715_000d08-11 > .kt-row-column-wrap{column-gap:var(--global-kb-gap-md, 2rem);row-gap:var(--global-kb-gap-md, 2rem);max-width:2000px;margin-left:auto;margin-right:auto;padding-top:var(--global-kb-spacing-sm, 1.5rem);padding-right:var(--global-kb-spacing-xl, 4rem);padding-bottom:var(--global-kb-spacing-sm, 1.5rem);padding-left:var(--global-kb-spacing-lg, 3rem);grid-template-columns:minmax(0, calc(65% - ((var(--global-kb-gap-md, 2rem) * 1 )\/2)))minmax(0, calc(35% - ((var(--global-kb-gap-md, 2rem) * 1 )\/2)));}.kb-row-layout-id7715_000d08-11{border-top-left-radius:10px;border-top-right-radius:10px;border-bottom-right-radius:10px;border-bottom-left-radius:10px;overflow:clip;isolation:isolate;}.kb-row-layout-id7715_000d08-11 > .kt-row-layout-overlay{border-top-left-radius:10px;border-top-right-radius:10px;border-bottom-right-radius:10px;border-bottom-left-radius:10px;}.kb-row-layout-id7715_000d08-11 > .kt-row-layout-overlay{opacity:0.30;background:linear-gradient(135deg,rgb(239,193,220) 0%,rgb(248,212,192) 100%);}@media all and (max-width: 1024px){.kb-row-layout-id7715_000d08-11 > .kt-row-column-wrap{grid-template-columns:repeat(2, minmax(0, 1fr));}}@media all and (max-width: 767px){.kb-row-layout-id7715_000d08-11 > .kt-row-column-wrap{grid-template-columns:minmax(0, 1fr);}}<\/style><div class=\"kb-row-layout-wrap kb-row-layout-id7715_000d08-11 alignnone kt-row-has-bg wp-block-kadence-rowlayout\"><div class=\"kt-row-layout-overlay kt-row-overlay-gradient\"><\/div><div class=\"kt-row-column-wrap kt-has-2-columns kt-row-layout-equal kt-tab-layout-inherit kt-mobile-layout-row kt-row-valign-top\">\n<style>.kadence-column7715_3be94c-4c > .kt-inside-inner-col{display:flex;}.kadence-column7715_3be94c-4c > .kt-inside-inner-col{padding-right:var(--global-kb-spacing-sm, 1.5rem);}.kadence-column7715_3be94c-4c > .kt-inside-inner-col,.kadence-column7715_3be94c-4c > .kt-inside-inner-col:before{border-top-left-radius:0px;border-top-right-radius:0px;border-bottom-right-radius:0px;border-bottom-left-radius:0px;}.kadence-column7715_3be94c-4c > .kt-inside-inner-col{column-gap:var(--global-kb-gap-sm, 1rem);}.kadence-column7715_3be94c-4c > .kt-inside-inner-col{flex-direction:column;justify-content:center;}.kadence-column7715_3be94c-4c > .kt-inside-inner-col > .aligncenter{width:100%;}.kt-row-column-wrap > .kadence-column7715_3be94c-4c{align-self:center;}.kt-inner-column-height-full:not(.kt-has-1-columns) > .wp-block-kadence-column.kadence-column7715_3be94c-4c{align-self:auto;}.kt-inner-column-height-full:not(.kt-has-1-columns) > .wp-block-kadence-column.kadence-column7715_3be94c-4c > .kt-inside-inner-col{flex-direction:column;justify-content:center;}.kadence-column7715_3be94c-4c > .kt-inside-inner-col:before{opacity:0.3;}.kadence-column7715_3be94c-4c{position:relative;}@media all and (max-width: 1024px){.kt-row-column-wrap > .kadence-column7715_3be94c-4c{align-self:center;}}@media all and (max-width: 1024px){.kt-inner-column-height-full:not(.kt-has-1-columns) > .wp-block-kadence-column.kadence-column7715_3be94c-4c{align-self:auto;}}@media all and (max-width: 1024px){.kt-inner-column-height-full:not(.kt-has-1-columns) > .wp-block-kadence-column.kadence-column7715_3be94c-4c > .kt-inside-inner-col{flex-direction:column;justify-content:center;}}@media all and (max-width: 1024px){.kadence-column7715_3be94c-4c > .kt-inside-inner-col{flex-direction:column;justify-content:center;}}@media all and (max-width: 767px){.kt-row-column-wrap > .kadence-column7715_3be94c-4c{align-self:center;}.kt-inner-column-height-full:not(.kt-has-1-columns) > .wp-block-kadence-column.kadence-column7715_3be94c-4c{align-self:auto;}.kt-inner-column-height-full:not(.kt-has-1-columns) > .wp-block-kadence-column.kadence-column7715_3be94c-4c > .kt-inside-inner-col{flex-direction:column;justify-content:center;}.kadence-column7715_3be94c-4c > .kt-inside-inner-col{flex-direction:column;justify-content:center;}}<\/style>\n<div class=\"wp-block-kadence-column kadence-column7715_3be94c-4c\"><div class=\"kt-inside-inner-col\"><style>.wp-block-kadence-advancedheading.kt-adv-heading7715_f3a89d-02, .wp-block-kadence-advancedheading.kt-adv-heading7715_f3a89d-02[data-kb-block=\"kb-adv-heading7715_f3a89d-02\"]{font-style:normal;}.wp-block-kadence-advancedheading.kt-adv-heading7715_f3a89d-02 mark.kt-highlight, .wp-block-kadence-advancedheading.kt-adv-heading7715_f3a89d-02[data-kb-block=\"kb-adv-heading7715_f3a89d-02\"] mark.kt-highlight{font-style:normal;color:#f76a0c;-webkit-box-decoration-break:clone;box-decoration-break:clone;padding-top:0px;padding-right:0px;padding-bottom:0px;padding-left:0px;}.wp-block-kadence-advancedheading.kt-adv-heading7715_f3a89d-02 img.kb-inline-image, .wp-block-kadence-advancedheading.kt-adv-heading7715_f3a89d-02[data-kb-block=\"kb-adv-heading7715_f3a89d-02\"] img.kb-inline-image{width:150px;vertical-align:baseline;}<\/style>\n<h1 class=\"kt-adv-heading7715_f3a89d-02 wp-block-kadence-advancedheading\" data-kb-block=\"kb-adv-heading7715_f3a89d-02\">WIR SIND FRIEDE \u2013 Flyer<\/h1>\n\n\n<style>.wp-block-kadence-advancedheading.kt-adv-heading7715_499d46-26, .wp-block-kadence-advancedheading.kt-adv-heading7715_499d46-26[data-kb-block=\"kb-adv-heading7715_499d46-26\"]{font-style:normal;}.wp-block-kadence-advancedheading.kt-adv-heading7715_499d46-26 mark.kt-highlight, .wp-block-kadence-advancedheading.kt-adv-heading7715_499d46-26[data-kb-block=\"kb-adv-heading7715_499d46-26\"] mark.kt-highlight{font-style:normal;color:#f76a0c;-webkit-box-decoration-break:clone;box-decoration-break:clone;padding-top:0px;padding-right:0px;padding-bottom:0px;padding-left:0px;}.wp-block-kadence-advancedheading.kt-adv-heading7715_499d46-26 img.kb-inline-image, .wp-block-kadence-advancedheading.kt-adv-heading7715_499d46-26[data-kb-block=\"kb-adv-heading7715_499d46-26\"] img.kb-inline-image{width:150px;vertical-align:baseline;}<\/style>\n<h2 class=\"kt-adv-heading7715_499d46-26 wp-block-kadence-advancedheading\" data-kb-block=\"kb-adv-heading7715_499d46-26\">Kostenloser vierseitiger Flyer im Format A5 zum Verteilen.<\/h2>\n<\/div><\/div>\n\n\n<style>.kadence-column7715_1e664a-1f > .kt-inside-inner-col,.kadence-column7715_1e664a-1f > .kt-inside-inner-col:before{border-top-left-radius:0px;border-top-right-radius:0px;border-bottom-right-radius:0px;border-bottom-left-radius:0px;}.kadence-column7715_1e664a-1f > .kt-inside-inner-col{column-gap:var(--global-kb-gap-sm, 1rem);}.kadence-column7715_1e664a-1f > .kt-inside-inner-col{flex-direction:column;}.kadence-column7715_1e664a-1f > .kt-inside-inner-col > .aligncenter{width:100%;}.kadence-column7715_1e664a-1f > .kt-inside-inner-col:before{opacity:0.3;}.kadence-column7715_1e664a-1f{position:relative;}@media all and (max-width: 1024px){.kadence-column7715_1e664a-1f > .kt-inside-inner-col{flex-direction:column;justify-content:center;}}@media all and (max-width: 767px){.kadence-column7715_1e664a-1f > .kt-inside-inner-col{flex-direction:column;justify-content:center;}}<\/style>\n<div class=\"wp-block-kadence-column kadence-column7715_1e664a-1f\"><div class=\"kt-inside-inner-col\"><style>.kb-image7715_435fe5-f8 .kb-image-has-overlay:after{opacity:0.3;border-top-left-radius:10px;border-top-right-radius:10px;border-bottom-right-radius:10px;border-bottom-left-radius:10px;}.kb-image7715_435fe5-f8 img.kb-img, .kb-image7715_435fe5-f8 .kb-img img{border-top-left-radius:10px;border-top-right-radius:10px;border-bottom-right-radius:10px;border-bottom-left-radius:10px;box-shadow:0px 0px 14px 0px rgba(0, 0, 0, 0.2);}<\/style>\n<figure class=\"wp-block-kadence-image kb-image7715_435fe5-f8\"><img decoding=\"async\" width=\"1428\" height=\"2033\" src=\"https:\/\/www.christinavondreien.com\/wp-content\/uploads\/wir-sind-friede-flyer-vorschaubild.jpg\" class=\"kb-img wp-image-7718\" srcset=\"https:\/\/www.christinavondreien.com\/wp-content\/uploads\/wir-sind-friede-flyer-vorschaubild.jpg 1428w, https:\/\/www.christinavondreien.com\/wp-content\/uploads\/wir-sind-friede-flyer-vorschaubild-421x600.jpg 421w, https:\/\/www.christinavondreien.com\/wp-content\/uploads\/wir-sind-friede-flyer-vorschaubild-768x1093.jpg 768w, https:\/\/www.christinavondreien.com\/wp-content\/uploads\/wir-sind-friede-flyer-vorschaubild-878x1250.jpg 878w, https:\/\/www.christinavondreien.com\/wp-content\/uploads\/wir-sind-friede-flyer-vorschaubild-1079x1536.jpg 1079w, https:\/\/www.christinavondreien.com\/wp-content\/uploads\/wir-sind-friede-flyer-vorschaubild-624x888.jpg 624w, https:\/\/www.christinavondreien.com\/wp-content\/uploads\/wir-sind-friede-flyer-vorschaubild-60x85.jpg 60w, https:\/\/www.christinavondreien.com\/wp-content\/uploads\/wir-sind-friede-flyer-vorschaubild-110x157.jpg 110w, https:\/\/www.christinavondreien.com\/wp-content\/uploads\/wir-sind-friede-flyer-vorschaubild-1000x1424.jpg 1000w\" sizes=\"(max-width: 1428px) 100vw, 1428px\" \/><\/figure>\n<\/div><\/div>\n\n<\/div><\/div>\n\n<style>.kb-row-layout-id7715_315762-a5 > .kt-row-column-wrap{align-content:start;}:where(.kb-row-layout-id7715_315762-a5 > .kt-row-column-wrap) > .wp-block-kadence-column{justify-content:start;}.kb-row-layout-id7715_315762-a5 > .kt-row-column-wrap{column-gap:var(--global-kb-gap-md, 2rem);row-gap:var(--global-kb-gap-md, 2rem);max-width:1000px;margin-left:auto;margin-right:auto;padding-top:var(--global-kb-spacing-sm, 1.5rem);padding-bottom:var(--global-kb-spacing-sm, 1.5rem);grid-template-columns:minmax(0, calc(50% - ((var(--global-kb-gap-md, 2rem) * 1 )\/2)))minmax(0, calc(50% - ((var(--global-kb-gap-md, 2rem) * 1 )\/2)));}.kb-row-layout-id7715_315762-a5 > .kt-row-layout-overlay{opacity:0.30;}@media all and (max-width: 1024px){.kb-row-layout-id7715_315762-a5 > .kt-row-column-wrap{grid-template-columns:repeat(2, minmax(0, 1fr));}}@media all and (max-width: 767px){.kb-row-layout-id7715_315762-a5 > .kt-row-column-wrap{grid-template-columns:minmax(0, 1fr);}}<\/style><div class=\"kb-row-layout-wrap kb-row-layout-id7715_315762-a5 alignnone wp-block-kadence-rowlayout\"><div class=\"kt-row-column-wrap kt-has-2-columns kt-row-layout-equal kt-tab-layout-inherit kt-mobile-layout-row kt-row-valign-top\">\n<style>.kadence-column7715_d4e433-06 > .kt-inside-inner-col{padding-top:var(--global-kb-spacing-sm, 1.5rem);padding-right:var(--global-kb-spacing-sm, 1.5rem);padding-bottom:var(--global-kb-spacing-sm, 1.5rem);padding-left:var(--global-kb-spacing-sm, 1.5rem);}.kadence-column7715_d4e433-06 > .kt-inside-inner-col{border-top:1px solid #8b8b8b;border-right:1px solid #8b8b8b;border-bottom:1px solid #8b8b8b;border-left:1px solid #8b8b8b;}.kadence-column7715_d4e433-06 > .kt-inside-inner-col,.kadence-column7715_d4e433-06 > .kt-inside-inner-col:before{border-top-left-radius:5px;border-top-right-radius:5px;border-bottom-right-radius:5px;border-bottom-left-radius:5px;}.kadence-column7715_d4e433-06 > .kt-inside-inner-col{column-gap:var(--global-kb-gap-sm, 1rem);}.kadence-column7715_d4e433-06 > .kt-inside-inner-col{flex-direction:column;}.kadence-column7715_d4e433-06 > .kt-inside-inner-col > .aligncenter{width:100%;}.kadence-column7715_d4e433-06 > .kt-inside-inner-col:before{opacity:0.3;}.kadence-column7715_d4e433-06{position:relative;}@media all and (max-width: 1024px){.kadence-column7715_d4e433-06 > .kt-inside-inner-col{border-top:1px solid #8b8b8b;border-right:1px solid #8b8b8b;border-bottom:1px solid #8b8b8b;border-left:1px solid #8b8b8b;flex-direction:column;justify-content:center;}}@media all and (max-width: 767px){.kadence-column7715_d4e433-06 > .kt-inside-inner-col{border-top:1px solid #8b8b8b;border-right:1px solid #8b8b8b;border-bottom:1px solid #8b8b8b;border-left:1px solid #8b8b8b;flex-direction:column;justify-content:center;}}<\/style>\n<div class=\"wp-block-kadence-column kadence-column7715_d4e433-06\"><div class=\"kt-inside-inner-col\"><style>.wp-block-kadence-advancedheading.kt-adv-heading7715_eceaef-6d, .wp-block-kadence-advancedheading.kt-adv-heading7715_eceaef-6d[data-kb-block=\"kb-adv-heading7715_eceaef-6d\"]{text-align:center;font-style:normal;}.wp-block-kadence-advancedheading.kt-adv-heading7715_eceaef-6d mark.kt-highlight, .wp-block-kadence-advancedheading.kt-adv-heading7715_eceaef-6d[data-kb-block=\"kb-adv-heading7715_eceaef-6d\"] mark.kt-highlight{font-style:normal;color:#f76a0c;-webkit-box-decoration-break:clone;box-decoration-break:clone;padding-top:0px;padding-right:0px;padding-bottom:0px;padding-left:0px;}.wp-block-kadence-advancedheading.kt-adv-heading7715_eceaef-6d img.kb-inline-image, .wp-block-kadence-advancedheading.kt-adv-heading7715_eceaef-6d[data-kb-block=\"kb-adv-heading7715_eceaef-6d\"] img.kb-inline-image{width:150px;vertical-align:baseline;}<\/style>\n<h2 class=\"kt-adv-heading7715_eceaef-6d wp-block-kadence-advancedheading\" data-kb-block=\"kb-adv-heading7715_eceaef-6d\">Variante 1<\/h2>\n\n\n\n<p class=\"has-text-align-center\">Hier findest den du vierseitigen<br> &#8220;WIR SIND FRIEDE&#8221;-Flyer<br> zum kostenlosen Download hier (als PDF-Datei zum selber ausdrucken) Wende dich bitte an uns, wenn du den Flyer auch in mehreren Sprachen ben\u00f6tigst.<\/p>\n\n\n\n<div class=\"wp-block-buttons is-content-justification-center is-layout-flex wp-container-core-buttons-is-layout-16018d1d wp-block-buttons-is-layout-flex\">\n<div class=\"wp-block-button has-custom-font-size is-style-fill\" style=\"font-size:16px\"><a class=\"wp-block-button__link has-white-color has-text-color has-background has-link-color wp-element-button\" href=\"https:\/\/www.christinavondreien.com\/wp-content\/uploads\/We-are-peace-flyer-christina-von-dreien.pdf\" style=\"background-color:#de9fe0\"><strong>Flyer herunterladen<\/strong><\/a><\/div>\n<\/div>\n<\/div><\/div>\n\n\n<style>.kadence-column7715_94c367-e2 > .kt-inside-inner-col{padding-top:var(--global-kb-spacing-sm, 1.5rem);padding-right:var(--global-kb-spacing-sm, 1.5rem);padding-bottom:var(--global-kb-spacing-sm, 1.5rem);padding-left:var(--global-kb-spacing-sm, 1.5rem);}.kadence-column7715_94c367-e2 > .kt-inside-inner-col{border-top:1px solid #8b8b8b;border-right:1px solid #8b8b8b;border-bottom:1px solid #8b8b8b;border-left:1px solid #8b8b8b;}.kadence-column7715_94c367-e2 > .kt-inside-inner-col,.kadence-column7715_94c367-e2 > .kt-inside-inner-col:before{border-top-left-radius:5px;border-top-right-radius:5px;border-bottom-right-radius:5px;border-bottom-left-radius:5px;}.kadence-column7715_94c367-e2 > .kt-inside-inner-col{column-gap:var(--global-kb-gap-sm, 1rem);}.kadence-column7715_94c367-e2 > .kt-inside-inner-col{flex-direction:column;}.kadence-column7715_94c367-e2 > .kt-inside-inner-col > .aligncenter{width:100%;}.kadence-column7715_94c367-e2 > .kt-inside-inner-col:before{opacity:0.3;}.kadence-column7715_94c367-e2{position:relative;}@media all and (max-width: 1024px){.kadence-column7715_94c367-e2 > .kt-inside-inner-col{border-top:1px solid #8b8b8b;border-right:1px solid #8b8b8b;border-bottom:1px solid #8b8b8b;border-left:1px solid #8b8b8b;flex-direction:column;justify-content:center;}}@media all and (max-width: 767px){.kadence-column7715_94c367-e2 > .kt-inside-inner-col{border-top:1px solid #8b8b8b;border-right:1px solid #8b8b8b;border-bottom:1px solid #8b8b8b;border-left:1px solid #8b8b8b;flex-direction:column;justify-content:center;}}<\/style>\n<div class=\"wp-block-kadence-column kadence-column7715_94c367-e2\"><div class=\"kt-inside-inner-col\"><style>.wp-block-kadence-advancedheading.kt-adv-heading7715_0d989e-06, .wp-block-kadence-advancedheading.kt-adv-heading7715_0d989e-06[data-kb-block=\"kb-adv-heading7715_0d989e-06\"]{text-align:center;font-style:normal;}.wp-block-kadence-advancedheading.kt-adv-heading7715_0d989e-06 mark.kt-highlight, .wp-block-kadence-advancedheading.kt-adv-heading7715_0d989e-06[data-kb-block=\"kb-adv-heading7715_0d989e-06\"] mark.kt-highlight{font-style:normal;color:#f76a0c;-webkit-box-decoration-break:clone;box-decoration-break:clone;padding-top:0px;padding-right:0px;padding-bottom:0px;padding-left:0px;}.wp-block-kadence-advancedheading.kt-adv-heading7715_0d989e-06 img.kb-inline-image, .wp-block-kadence-advancedheading.kt-adv-heading7715_0d989e-06[data-kb-block=\"kb-adv-heading7715_0d989e-06\"] img.kb-inline-image{width:150px;vertical-align:baseline;}<\/style>\n<h2 class=\"kt-adv-heading7715_0d989e-06 wp-block-kadence-advancedheading\" data-kb-block=\"kb-adv-heading7715_0d989e-06\">Variante 2<\/h2>\n\n\n\n<p class=\"has-text-align-center\">Oder du kannst den gedruckten farbigen Flyer in jeder beliebigen Menge kostenlos \u00fcber den Govinda Verlag beziehen (es werden nur die Versandkosten berechnet). <br>F\u00fcr Bestellungen au\u00dferhalb der Schweiz, schreibe bitte eine Mail an: peacemail@gmx.de<\/p>\n\n\n\n<div class=\"wp-block-buttons is-content-justification-center is-layout-flex wp-container-core-buttons-is-layout-16018d1d wp-block-buttons-is-layout-flex\">\n<div class=\"wp-block-button has-custom-font-size is-style-fill\" style=\"font-size:16px\"><a class=\"wp-block-button__link has-white-color has-text-color has-background has-link-color wp-element-button\" href=\"https:\/\/govinda.ch\/WIR-SIND-FRIEDE-Flyer-2023\/SW10325.1\" style=\"background-color:#de9fe0\" target=\"_blank\" rel=\"noopener\"><strong>Flyer bestellen<\/strong><\/a><\/div>\n<\/div>\n<\/div><\/div>\n\n<\/div><\/div>\n\n\n<p><\/p>\n","protected":false},"excerpt":{"rendered":"<p>WIR SIND FRIEDE \u2013 Flyer Kostenloser vierseitiger Flyer im Format A5 zum Verteilen. Variante 1 Hier findest den du vierseitigen &#8220;WIR SIND FRIEDE&#8221;-Flyer zum kostenlosen&hellip;<\/p>\n","protected":false},"author":649,"featured_media":0,"parent":0,"menu_order":0,"comment_status":"closed","ping_status":"closed","template":"","meta":{"pmpro_default_level":"","_kad_blocks_custom_css":"","_kad_blocks_head_custom_js":"","_kad_blocks_body_custom_js":"","_kad_blocks_footer_custom_js":"","footnotes":""},"class_list":["post-7715","page","type-page","status-publish","hentry","pmpro-has-access"],"taxonomy_info":[],"featured_image_src_large":false,"author_info":{"display_name":"jukes","author_link":"https:\/\/www.christinavondreien.com\/en\/author\/jukes\/"},"comment_info":0,"_links":{"self":[{"href":"https:\/\/www.christinavondreien.com\/en\/wp-json\/wp\/v2\/pages\/7715","targetHints":{"allow":["GET"]}}],"collection":[{"href":"https:\/\/www.christinavondreien.com\/en\/wp-json\/wp\/v2\/pages"}],"about":[{"href":"https:\/\/www.christinavondreien.com\/en\/wp-json\/wp\/v2\/types\/page"}],"author":[{"embeddable":true,"href":"https:\/\/www.christinavondreien.com\/en\/wp-json\/wp\/v2\/users\/649"}],"replies":[{"embeddable":true,"href":"https:\/\/www.christinavondreien.com\/en\/wp-json\/wp\/v2\/comments?post=7715"}],"version-history":[{"count":0,"href":"https:\/\/www.christinavondreien.com\/en\/wp-json\/wp\/v2\/pages\/7715\/revisions"}],"wp:attachment":[{"href":"https:\/\/www.christinavondreien.com\/en\/wp-json\/wp\/v2\/media?parent=7715"}],"curies":[{"name":"wp","href":"https:\/\/api.w.org\/{rel}","templated":true}]}}