{"id":9742,"date":"2024-12-05T15:24:50","date_gmt":"2024-12-05T14:24:50","guid":{"rendered":"https:\/\/www.christinavondreien.com\/?page_id=9742"},"modified":"2024-12-05T15:52:41","modified_gmt":"2024-12-05T14:52:41","slug":"hilfe","status":"publish","type":"page","link":"https:\/\/www.christinavondreien.com\/en\/hilfe\/","title":{"rendered":"Hilfe"},"content":{"rendered":"<style>.kadence-column9742_1a31b1-56 > .kt-inside-inner-col{padding-top:var(--global-kb-spacing-md, 2rem);padding-right:var(--global-kb-spacing-md, 2rem);padding-bottom:var(--global-kb-spacing-md, 2rem);padding-left:var(--global-kb-spacing-md, 2rem);}.kadence-column9742_1a31b1-56 > .kt-inside-inner-col,.kadence-column9742_1a31b1-56 > .kt-inside-inner-col:before{border-top-left-radius:10px;border-top-right-radius:10px;border-bottom-right-radius:0px;border-bottom-left-radius:0px;}.kadence-column9742_1a31b1-56 > .kt-inside-inner-col{column-gap:var(--global-kb-gap-sm, 1rem);}.kadence-column9742_1a31b1-56 > .kt-inside-inner-col{flex-direction:column;}.kadence-column9742_1a31b1-56 > .kt-inside-inner-col > .aligncenter{width:100%;}.kadence-column9742_1a31b1-56 > .kt-inside-inner-col:before{opacity:0.35;background-image:linear-gradient(60deg,rgb(155,81,224) 0%,rgb(247,141,167) 100%);}.kadence-column9742_1a31b1-56{position:relative;}.kadence-column9742_1a31b1-56, .kt-inside-inner-col > .kadence-column9742_1a31b1-56:not(.specificity){margin-top:var(--global-kb-spacing-xxs, 0.5rem);margin-bottom:0px;}@media all and (max-width: 1024px){.kadence-column9742_1a31b1-56 > .kt-inside-inner-col{flex-direction:column;justify-content:center;}}@media all and (max-width: 767px){.kadence-column9742_1a31b1-56 > .kt-inside-inner-col{flex-direction:column;justify-content:center;}}<\/style>\n<div class=\"wp-block-kadence-column kadence-column9742_1a31b1-56 kb-section-has-overlay\"><div class=\"kt-inside-inner-col\">\n<h1 class=\"wp-block-heading has-text-align-center\">Hilfe<\/h1>\n\n\n\n<p class=\"has-text-align-center\">Gesch\u00e4tzter Besucher unserer Website. Willkommen in unserem Hilfe-Bereich. Hier findest du die wichtigsten Seiten, damit wir dir bei deinem Problem oder deinen Fragen helfen k\u00f6nnen. <\/p>\n<\/div><\/div>\n\n\n<style>.kadence-column9742_e1df15-86 > .kt-inside-inner-col{padding-top:var(--global-kb-spacing-md, 2rem);padding-right:var(--global-kb-spacing-md, 2rem);padding-bottom:var(--global-kb-spacing-md, 2rem);padding-left:var(--global-kb-spacing-md, 2rem);}.kadence-column9742_e1df15-86 > .kt-inside-inner-col{border-top:1px solid #abb8c3;border-right:1px solid #abb8c3;border-bottom:1px solid #abb8c3;border-left:1px solid #abb8c3;}.kadence-column9742_e1df15-86 > .kt-inside-inner-col,.kadence-column9742_e1df15-86 > .kt-inside-inner-col:before{border-top-left-radius:0px;border-top-right-radius:0px;border-bottom-right-radius:10px;border-bottom-left-radius:10px;}.kadence-column9742_e1df15-86 > .kt-inside-inner-col{column-gap:var(--global-kb-gap-sm, 1rem);}.kadence-column9742_e1df15-86 > .kt-inside-inner-col{flex-direction:column;}.kadence-column9742_e1df15-86 > .kt-inside-inner-col > .aligncenter{width:100%;}.kadence-column9742_e1df15-86{position:relative;}.kadence-column9742_e1df15-86, .kt-inside-inner-col > .kadence-column9742_e1df15-86:not(.specificity){margin-top:0px;margin-bottom:var(--global-kb-spacing-lg, 3rem);}@media all and (max-width: 1024px){.kadence-column9742_e1df15-86 > .kt-inside-inner-col{border-top:1px solid #abb8c3;border-right:1px solid #abb8c3;border-bottom:1px solid #abb8c3;border-left:1px solid #abb8c3;flex-direction:column;justify-content:center;}}@media all and (max-width: 767px){.kadence-column9742_e1df15-86 > .kt-inside-inner-col{border-top:1px solid #abb8c3;border-right:1px solid #abb8c3;border-bottom:1px solid #abb8c3;border-left:1px solid #abb8c3;flex-direction:column;justify-content:center;}}<\/style>\n<div class=\"wp-block-kadence-column kadence-column9742_e1df15-86 kb-section-has-overlay\"><div class=\"kt-inside-inner-col\"><style>.kb-row-layout-id9742_e3616c-a0 > .kt-row-column-wrap{align-content:start;}:where(.kb-row-layout-id9742_e3616c-a0 > .kt-row-column-wrap) > .wp-block-kadence-column{justify-content:start;}.kb-row-layout-id9742_e3616c-a0 > .kt-row-column-wrap{column-gap:var(--global-kb-gap-md, 2rem);row-gap:var(--global-kb-gap-md, 2rem);padding-top:var(--global-kb-spacing-sm, 1.5rem);grid-template-columns:minmax(0, 1fr);}.kb-row-layout-id9742_e3616c-a0 > .kt-row-layout-overlay{opacity:0.30;}@media all and (max-width: 1024px){.kb-row-layout-id9742_e3616c-a0 > .kt-row-column-wrap{grid-template-columns:minmax(0, 1fr);}}@media all and (max-width: 767px){.kb-row-layout-id9742_e3616c-a0 > .kt-row-column-wrap{grid-template-columns:minmax(0, 1fr);}}<\/style><div class=\"kb-row-layout-wrap kb-row-layout-id9742_e3616c-a0 alignnone wp-block-kadence-rowlayout\"><div class=\"kt-row-column-wrap kt-has-1-columns kt-row-layout-equal kt-tab-layout-inherit kt-mobile-layout-row kt-row-valign-top\">\n<style>.kadence-column9742_072f92-6a > .kt-inside-inner-col,.kadence-column9742_072f92-6a > .kt-inside-inner-col:before{border-top-left-radius:0px;border-top-right-radius:0px;border-bottom-right-radius:0px;border-bottom-left-radius:0px;}.kadence-column9742_072f92-6a > .kt-inside-inner-col{column-gap:var(--global-kb-gap-sm, 1rem);}.kadence-column9742_072f92-6a > .kt-inside-inner-col{flex-direction:column;}.kadence-column9742_072f92-6a > .kt-inside-inner-col > .aligncenter{width:100%;}.kadence-column9742_072f92-6a > .kt-inside-inner-col:before{opacity:0.3;}.kadence-column9742_072f92-6a{position:relative;}.kadence-column9742_072f92-6a, .kt-inside-inner-col > .kadence-column9742_072f92-6a:not(.specificity){margin-bottom:var(--global-kb-spacing-sm, 1.5rem);}@media all and (max-width: 1024px){.kadence-column9742_072f92-6a > .kt-inside-inner-col{flex-direction:column;justify-content:center;}}@media all and (max-width: 767px){.kadence-column9742_072f92-6a > .kt-inside-inner-col{flex-direction:column;justify-content:center;}}<\/style>\n<div class=\"wp-block-kadence-column kadence-column9742_072f92-6a\"><div class=\"kt-inside-inner-col\">\n<h2 class=\"wp-block-heading has-text-align-center\"><strong>Allgemeine Fragen<\/strong><\/h2>\n<\/div><\/div>\n\n<\/div><\/div>\n\n<style>.kb-row-layout-id9742_e8601b-d2 > .kt-row-column-wrap{align-content:start;}:where(.kb-row-layout-id9742_e8601b-d2 > .kt-row-column-wrap) > .wp-block-kadence-column{justify-content:start;}.kb-row-layout-id9742_e8601b-d2 > .kt-row-column-wrap{column-gap:var(--global-kb-gap-md, 2rem);row-gap:var(--global-kb-gap-md, 2rem);max-width:900px;margin-left:auto;margin-right:auto;padding-top:var(--global-kb-spacing-sm, 1.5rem);padding-bottom:var(--global-kb-spacing-sm, 1.5rem);grid-template-columns:repeat(2, minmax(0, 1fr));}.kb-row-layout-id9742_e8601b-d2 > .kt-row-layout-overlay{opacity:0.30;}@media all and (max-width: 1024px){.kb-row-layout-id9742_e8601b-d2 > .kt-row-column-wrap{grid-template-columns:repeat(2, minmax(0, 1fr));}}@media all and (max-width: 767px){.kb-row-layout-id9742_e8601b-d2 > .kt-row-column-wrap{grid-template-columns:minmax(0, 1fr);}}<\/style><div class=\"kb-row-layout-wrap kb-row-layout-id9742_e8601b-d2 alignnone wp-block-kadence-rowlayout\"><div class=\"kt-row-column-wrap kt-has-2-columns kt-row-layout-equal kt-tab-layout-inherit kt-mobile-layout-row kt-row-valign-top\">\n<style>.kadence-column9742_0c076b-7c > .kt-inside-inner-col,.kadence-column9742_0c076b-7c > .kt-inside-inner-col:before{border-top-left-radius:0px;border-top-right-radius:0px;border-bottom-right-radius:0px;border-bottom-left-radius:0px;}.kadence-column9742_0c076b-7c > .kt-inside-inner-col{column-gap:var(--global-kb-gap-sm, 1rem);}.kadence-column9742_0c076b-7c > .kt-inside-inner-col{flex-direction:column;}.kadence-column9742_0c076b-7c > .kt-inside-inner-col > .aligncenter{width:100%;}.kadence-column9742_0c076b-7c > .kt-inside-inner-col:before{opacity:0.3;}.kadence-column9742_0c076b-7c{position:relative;}.kadence-column9742_0c076b-7c, .kt-inside-inner-col > .kadence-column9742_0c076b-7c:not(.specificity){margin-bottom:var(--global-kb-spacing-sm, 1.5rem);}@media all and (max-width: 1024px){.kadence-column9742_0c076b-7c > .kt-inside-inner-col{flex-direction:column;justify-content:center;}}@media all and (max-width: 767px){.kadence-column9742_0c076b-7c > .kt-inside-inner-col{flex-direction:column;justify-content:center;}}<\/style>\n<div class=\"wp-block-kadence-column kadence-column9742_0c076b-7c\"><div class=\"kt-inside-inner-col\"><style>.wp-block-kadence-advancedheading.kt-adv-heading9742_374fce-1a, .wp-block-kadence-advancedheading.kt-adv-heading9742_374fce-1a[data-kb-block=\"kb-adv-heading9742_374fce-1a\"]{text-align:center;font-style:normal;}.wp-block-kadence-advancedheading.kt-adv-heading9742_374fce-1a mark.kt-highlight, .wp-block-kadence-advancedheading.kt-adv-heading9742_374fce-1a[data-kb-block=\"kb-adv-heading9742_374fce-1a\"] mark.kt-highlight{font-style:normal;color:#f76a0c;-webkit-box-decoration-break:clone;box-decoration-break:clone;padding-top:0px;padding-right:0px;padding-bottom:0px;padding-left:0px;}.wp-block-kadence-advancedheading.kt-adv-heading9742_374fce-1a img.kb-inline-image, .wp-block-kadence-advancedheading.kt-adv-heading9742_374fce-1a[data-kb-block=\"kb-adv-heading9742_374fce-1a\"] img.kb-inline-image{width:150px;vertical-align:baseline;}<\/style>\n<h3 class=\"kt-adv-heading9742_374fce-1a wp-block-kadence-advancedheading\" data-kb-block=\"kb-adv-heading9742_374fce-1a\">Kontakt aufnehmen<\/h3>\n\n\n\n<p class=\"has-text-align-center\">Egal, ob du eine allgemeine Frage hast oder ein Problem mit deiner Bestellung. Hier bist du richtig.<\/p>\n\n\n\n<div class=\"wp-block-buttons is-content-justification-center is-layout-flex wp-container-core-buttons-is-layout-16018d1d wp-block-buttons-is-layout-flex\">\n<div class=\"wp-block-button is-style-fill\"><a class=\"wp-block-button__link has-black-color has-blush-light-purple-gradient-background has-text-color has-background has-link-color has-text-align-center wp-element-button\" href=\"https:\/\/www.christinavondreien.com\/hilfe\/kontakt\/\">Kontakt<\/a><\/div>\n<\/div>\n<\/div><\/div>\n\n\n<style>.kadence-column9742_383252-9f > .kt-inside-inner-col{padding-bottom:var(--global-kb-spacing-sm, 1.5rem);}.kadence-column9742_383252-9f > .kt-inside-inner-col,.kadence-column9742_383252-9f > .kt-inside-inner-col:before{border-top-left-radius:0px;border-top-right-radius:0px;border-bottom-right-radius:0px;border-bottom-left-radius:0px;}.kadence-column9742_383252-9f > .kt-inside-inner-col{column-gap:var(--global-kb-gap-sm, 1rem);}.kadence-column9742_383252-9f > .kt-inside-inner-col{flex-direction:column;}.kadence-column9742_383252-9f > .kt-inside-inner-col > .aligncenter{width:100%;}.kadence-column9742_383252-9f > .kt-inside-inner-col:before{opacity:0.3;}.kadence-column9742_383252-9f{position:relative;}@media all and (max-width: 1024px){.kadence-column9742_383252-9f > .kt-inside-inner-col{flex-direction:column;justify-content:center;}}@media all and (max-width: 767px){.kadence-column9742_383252-9f > .kt-inside-inner-col{flex-direction:column;justify-content:center;}}<\/style>\n<div class=\"wp-block-kadence-column kadence-column9742_383252-9f\"><div class=\"kt-inside-inner-col\"><style>.wp-block-kadence-advancedheading.kt-adv-heading9742_d5dbdb-77, .wp-block-kadence-advancedheading.kt-adv-heading9742_d5dbdb-77[data-kb-block=\"kb-adv-heading9742_d5dbdb-77\"]{text-align:center;font-style:normal;}.wp-block-kadence-advancedheading.kt-adv-heading9742_d5dbdb-77 mark.kt-highlight, .wp-block-kadence-advancedheading.kt-adv-heading9742_d5dbdb-77[data-kb-block=\"kb-adv-heading9742_d5dbdb-77\"] mark.kt-highlight{font-style:normal;color:#f76a0c;-webkit-box-decoration-break:clone;box-decoration-break:clone;padding-top:0px;padding-right:0px;padding-bottom:0px;padding-left:0px;}.wp-block-kadence-advancedheading.kt-adv-heading9742_d5dbdb-77 img.kb-inline-image, .wp-block-kadence-advancedheading.kt-adv-heading9742_d5dbdb-77[data-kb-block=\"kb-adv-heading9742_d5dbdb-77\"] img.kb-inline-image{width:150px;vertical-align:baseline;}<\/style>\n<h3 class=\"kt-adv-heading9742_d5dbdb-77 wp-block-kadence-advancedheading\" data-kb-block=\"kb-adv-heading9742_d5dbdb-77\">H\u00e4ufige Fragen<\/h3>\n\n\n\n<p class=\"has-text-align-center\">Du hast eine Frage? Die h\u00e4ufigsten Fragen haben wir hier f\u00fcr dich zusammengefasst und beantwortet:<\/p>\n\n\n\n<div class=\"wp-block-buttons is-content-justification-center is-layout-flex wp-container-core-buttons-is-layout-16018d1d wp-block-buttons-is-layout-flex\">\n<div class=\"wp-block-button is-style-fill\"><a class=\"wp-block-button__link has-black-color has-blush-light-purple-gradient-background has-text-color has-background has-link-color has-text-align-center wp-element-button\" href=\"https:\/\/www.christinavondreien.com\/hilfe\/haeufige-fragen\/\">H\u00e4ufige Fragen<\/a><\/div>\n<\/div>\n<\/div><\/div>\n\n<\/div><\/div>\n\n<style>.wp-block-kadence-spacer.kt-block-spacer-9742_4e336b-84 .kt-block-spacer{height:60px;}.wp-block-kadence-spacer.kt-block-spacer-9742_4e336b-84 .kt-divider{border-top-width:1px;height:1px;border-top-color:#abb8c3;width:100%;border-top-style:solid;}<\/style>\n<div class=\"wp-block-kadence-spacer aligncenter kt-block-spacer-9742_4e336b-84\"><div class=\"kt-block-spacer kt-block-spacer-halign-center\"><hr class=\"kt-divider\"\/><\/div><\/div>\n\n\n<style>.kb-row-layout-id9742_603052-9c > .kt-row-column-wrap{align-content:start;}:where(.kb-row-layout-id9742_603052-9c > .kt-row-column-wrap) > .wp-block-kadence-column{justify-content:start;}.kb-row-layout-id9742_603052-9c > .kt-row-column-wrap{column-gap:var(--global-kb-gap-md, 2rem);row-gap:var(--global-kb-gap-md, 2rem);padding-top:var(--global-kb-spacing-sm, 1.5rem);padding-bottom:var(--global-kb-spacing-xs, 1rem);grid-template-columns:minmax(0, 1fr);}.kb-row-layout-id9742_603052-9c > .kt-row-layout-overlay{opacity:0.30;}@media all and (max-width: 1024px){.kb-row-layout-id9742_603052-9c > .kt-row-column-wrap{grid-template-columns:minmax(0, 1fr);}}@media all and (max-width: 767px){.kb-row-layout-id9742_603052-9c > .kt-row-column-wrap{grid-template-columns:minmax(0, 1fr);}}<\/style><div class=\"kb-row-layout-wrap kb-row-layout-id9742_603052-9c alignnone wp-block-kadence-rowlayout\"><div class=\"kt-row-column-wrap kt-has-1-columns kt-row-layout-equal kt-tab-layout-inherit kt-mobile-layout-row kt-row-valign-top\">\n<style>.kadence-column9742_e69d6c-f9 > .kt-inside-inner-col,.kadence-column9742_e69d6c-f9 > .kt-inside-inner-col:before{border-top-left-radius:0px;border-top-right-radius:0px;border-bottom-right-radius:0px;border-bottom-left-radius:0px;}.kadence-column9742_e69d6c-f9 > .kt-inside-inner-col{column-gap:var(--global-kb-gap-sm, 1rem);}.kadence-column9742_e69d6c-f9 > .kt-inside-inner-col{flex-direction:column;}.kadence-column9742_e69d6c-f9 > .kt-inside-inner-col > .aligncenter{width:100%;}.kadence-column9742_e69d6c-f9 > .kt-inside-inner-col:before{opacity:0.3;}.kadence-column9742_e69d6c-f9{position:relative;}@media all and (max-width: 1024px){.kadence-column9742_e69d6c-f9 > .kt-inside-inner-col{flex-direction:column;justify-content:center;}}@media all and (max-width: 767px){.kadence-column9742_e69d6c-f9 > .kt-inside-inner-col{flex-direction:column;justify-content:center;}}<\/style>\n<div class=\"wp-block-kadence-column kadence-column9742_e69d6c-f9\"><div class=\"kt-inside-inner-col\">\n<h2 class=\"wp-block-heading has-text-align-center\"><strong>T-Shirt Bestellungen<\/strong><\/h2>\n<\/div><\/div>\n\n<\/div><\/div>\n\n<style>.kb-row-layout-id9742_2a4448-a7 > .kt-row-column-wrap{align-content:start;}:where(.kb-row-layout-id9742_2a4448-a7 > .kt-row-column-wrap) > .wp-block-kadence-column{justify-content:start;}.kb-row-layout-id9742_2a4448-a7 > .kt-row-column-wrap{column-gap:var(--global-kb-gap-md, 2rem);row-gap:var(--global-kb-gap-md, 2rem);max-width:900px;margin-left:auto;margin-right:auto;padding-top:var(--global-kb-spacing-sm, 1.5rem);padding-bottom:var(--global-kb-spacing-sm, 1.5rem);grid-template-columns:repeat(2, minmax(0, 1fr));}.kb-row-layout-id9742_2a4448-a7 > .kt-row-layout-overlay{opacity:0.30;}@media all and (max-width: 1024px){.kb-row-layout-id9742_2a4448-a7 > .kt-row-column-wrap{grid-template-columns:repeat(2, minmax(0, 1fr));}}@media all and (max-width: 767px){.kb-row-layout-id9742_2a4448-a7 > .kt-row-column-wrap{grid-template-columns:minmax(0, 1fr);}}<\/style><div class=\"kb-row-layout-wrap kb-row-layout-id9742_2a4448-a7 alignnone wp-block-kadence-rowlayout\"><div class=\"kt-row-column-wrap kt-has-2-columns kt-row-layout-equal kt-tab-layout-inherit kt-mobile-layout-row kt-row-valign-top\">\n<style>.kadence-column9742_7f71f8-5a > .kt-inside-inner-col,.kadence-column9742_7f71f8-5a > .kt-inside-inner-col:before{border-top-left-radius:0px;border-top-right-radius:0px;border-bottom-right-radius:0px;border-bottom-left-radius:0px;}.kadence-column9742_7f71f8-5a > .kt-inside-inner-col{column-gap:var(--global-kb-gap-sm, 1rem);}.kadence-column9742_7f71f8-5a > .kt-inside-inner-col{flex-direction:column;}.kadence-column9742_7f71f8-5a > .kt-inside-inner-col > .aligncenter{width:100%;}.kadence-column9742_7f71f8-5a > .kt-inside-inner-col:before{opacity:0.3;}.kadence-column9742_7f71f8-5a{position:relative;}@media all and (max-width: 1024px){.kadence-column9742_7f71f8-5a > .kt-inside-inner-col{flex-direction:column;justify-content:center;}}@media all and (max-width: 767px){.kadence-column9742_7f71f8-5a > .kt-inside-inner-col{flex-direction:column;justify-content:center;}}<\/style>\n<div class=\"wp-block-kadence-column kadence-column9742_7f71f8-5a\"><div class=\"kt-inside-inner-col\"><style>.wp-block-kadence-advancedheading.kt-adv-heading9742_c7b076-b5, .wp-block-kadence-advancedheading.kt-adv-heading9742_c7b076-b5[data-kb-block=\"kb-adv-heading9742_c7b076-b5\"]{text-align:center;font-style:normal;}.wp-block-kadence-advancedheading.kt-adv-heading9742_c7b076-b5 mark.kt-highlight, .wp-block-kadence-advancedheading.kt-adv-heading9742_c7b076-b5[data-kb-block=\"kb-adv-heading9742_c7b076-b5\"] mark.kt-highlight{font-style:normal;color:#f76a0c;-webkit-box-decoration-break:clone;box-decoration-break:clone;padding-top:0px;padding-right:0px;padding-bottom:0px;padding-left:0px;}.wp-block-kadence-advancedheading.kt-adv-heading9742_c7b076-b5 img.kb-inline-image, .wp-block-kadence-advancedheading.kt-adv-heading9742_c7b076-b5[data-kb-block=\"kb-adv-heading9742_c7b076-b5\"] img.kb-inline-image{width:150px;vertical-align:baseline;}<\/style>\n<h3 class=\"kt-adv-heading9742_c7b076-b5 wp-block-kadence-advancedheading\" data-kb-block=\"kb-adv-heading9742_c7b076-b5\">Paket zur\u00fcckgeben<\/h3>\n\n\n\n<p class=\"has-text-align-center\">Du m\u00f6chtest dein Paket zur\u00fcckschicken? Gerne helfen wir dir bei der R\u00fcckgabe. Hier findest du alle Informationen.<\/p>\n\n\n\n<div class=\"wp-block-buttons is-content-justification-center is-layout-flex wp-container-core-buttons-is-layout-16018d1d wp-block-buttons-is-layout-flex\">\n<div class=\"wp-block-button is-style-fill\"><a class=\"wp-block-button__link has-black-color has-blush-light-purple-gradient-background has-text-color has-background has-link-color has-text-align-center wp-element-button\" href=\"https:\/\/www.christinavondreien.com\/hilfe\/paket-zurueckgeben\/\">Paket zur\u00fcckgeben<\/a><\/div>\n<\/div>\n<\/div><\/div>\n\n\n<style>.kadence-column9742_dd48a3-2d > .kt-inside-inner-col,.kadence-column9742_dd48a3-2d > .kt-inside-inner-col:before{border-top-left-radius:0px;border-top-right-radius:0px;border-bottom-right-radius:0px;border-bottom-left-radius:0px;}.kadence-column9742_dd48a3-2d > .kt-inside-inner-col{column-gap:var(--global-kb-gap-sm, 1rem);}.kadence-column9742_dd48a3-2d > .kt-inside-inner-col{flex-direction:column;}.kadence-column9742_dd48a3-2d > .kt-inside-inner-col > .aligncenter{width:100%;}.kadence-column9742_dd48a3-2d > .kt-inside-inner-col:before{opacity:0.3;}.kadence-column9742_dd48a3-2d{position:relative;}@media all and (max-width: 1024px){.kadence-column9742_dd48a3-2d > .kt-inside-inner-col{flex-direction:column;justify-content:center;}}@media all and (max-width: 767px){.kadence-column9742_dd48a3-2d > .kt-inside-inner-col{flex-direction:column;justify-content:center;}}<\/style>\n<div class=\"wp-block-kadence-column kadence-column9742_dd48a3-2d\"><div class=\"kt-inside-inner-col\"><style>.wp-block-kadence-advancedheading.kt-adv-heading9742_4ccb25-81, .wp-block-kadence-advancedheading.kt-adv-heading9742_4ccb25-81[data-kb-block=\"kb-adv-heading9742_4ccb25-81\"]{text-align:center;font-style:normal;}.wp-block-kadence-advancedheading.kt-adv-heading9742_4ccb25-81 mark.kt-highlight, .wp-block-kadence-advancedheading.kt-adv-heading9742_4ccb25-81[data-kb-block=\"kb-adv-heading9742_4ccb25-81\"] mark.kt-highlight{font-style:normal;color:#f76a0c;-webkit-box-decoration-break:clone;box-decoration-break:clone;padding-top:0px;padding-right:0px;padding-bottom:0px;padding-left:0px;}.wp-block-kadence-advancedheading.kt-adv-heading9742_4ccb25-81 img.kb-inline-image, .wp-block-kadence-advancedheading.kt-adv-heading9742_4ccb25-81[data-kb-block=\"kb-adv-heading9742_4ccb25-81\"] img.kb-inline-image{width:150px;vertical-align:baseline;}<\/style>\n<h3 class=\"kt-adv-heading9742_4ccb25-81 wp-block-kadence-advancedheading\" data-kb-block=\"kb-adv-heading9742_4ccb25-81\">Zahlungs- und Versandinformationen<\/h3>\n\n\n\n<p class=\"has-text-align-center\">Hier findest du alle Informationen zum Versand und der Bezahlung deiner Bestellung. <\/p>\n\n\n\n<div class=\"wp-block-buttons is-content-justification-center is-layout-flex wp-container-core-buttons-is-layout-16018d1d wp-block-buttons-is-layout-flex\">\n<div class=\"wp-block-button is-style-fill\"><a class=\"wp-block-button__link has-black-color has-blush-light-purple-gradient-background has-text-color has-background has-link-color has-text-align-center wp-element-button\" href=\"https:\/\/www.christinavondreien.com\/hilfe\/zahlungs-und-versandinformationen\/\">Zahlungs- und Versandinformationen<\/a><\/div>\n<\/div>\n<\/div><\/div>\n\n<\/div><\/div><\/div><\/div>\n","protected":false},"excerpt":{"rendered":"<p>Hilfe Gesch\u00e4tzter Besucher unserer Website. Willkommen in unserem Hilfe-Bereich. Hier findest du die wichtigsten Seiten, damit wir dir bei deinem Problem oder deinen Fragen helfen&hellip;<\/p>\n","protected":false},"author":649,"featured_media":0,"parent":0,"menu_order":0,"comment_status":"closed","ping_status":"closed","template":"","meta":{"pmpro_default_level":"","_kad_blocks_custom_css":"","_kad_blocks_head_custom_js":"","_kad_blocks_body_custom_js":"","_kad_blocks_footer_custom_js":"","footnotes":""},"class_list":["post-9742","page","type-page","status-publish","hentry","pmpro-has-access"],"taxonomy_info":[],"featured_image_src_large":false,"author_info":{"display_name":"jukes","author_link":"https:\/\/www.christinavondreien.com\/en\/author\/jukes\/"},"comment_info":0,"_links":{"self":[{"href":"https:\/\/www.christinavondreien.com\/en\/wp-json\/wp\/v2\/pages\/9742","targetHints":{"allow":["GET"]}}],"collection":[{"href":"https:\/\/www.christinavondreien.com\/en\/wp-json\/wp\/v2\/pages"}],"about":[{"href":"https:\/\/www.christinavondreien.com\/en\/wp-json\/wp\/v2\/types\/page"}],"author":[{"embeddable":true,"href":"https:\/\/www.christinavondreien.com\/en\/wp-json\/wp\/v2\/users\/649"}],"replies":[{"embeddable":true,"href":"https:\/\/www.christinavondreien.com\/en\/wp-json\/wp\/v2\/comments?post=9742"}],"version-history":[{"count":0,"href":"https:\/\/www.christinavondreien.com\/en\/wp-json\/wp\/v2\/pages\/9742\/revisions"}],"wp:attachment":[{"href":"https:\/\/www.christinavondreien.com\/en\/wp-json\/wp\/v2\/media?parent=9742"}],"curies":[{"name":"wp","href":"https:\/\/api.w.org\/{rel}","templated":true}]}}