{"id":9752,"date":"2024-12-05T15:40:44","date_gmt":"2024-12-05T14:40:44","guid":{"rendered":"https:\/\/www.christinavondreien.com\/?page_id=9752"},"modified":"2026-03-07T21:08:53","modified_gmt":"2026-03-07T20:08:53","slug":"zahlungs-und-versandinformationen","status":"publish","type":"page","link":"https:\/\/www.christinavondreien.com\/en\/hilfe\/zahlungs-und-versandinformationen\/","title":{"rendered":"Zahlungs- und Versandinformationen"},"content":{"rendered":"\n<h1 class=\"wp-block-heading\">Zahlungs- und Versandinformationen<\/h1>\n\n\n\n<h2 class=\"wp-block-heading\">1. Versandinformationen:<\/h2>\n\n\n\n<p><strong>Liefergebiet:<\/strong>&nbsp;Deutschland, Schweiz, \u00d6sterreich<\/p>\n\n\n\n<p><strong>Versandarten:<\/strong>&nbsp;Standardversand, wir verschicken unsere Pakete in nach Deutschland und \u00d6sterreich mit der \u00d6sterreichischen Post und die Pakete in die Schweiz mit der Schweizerischen Post.<\/p>\n\n\n\n<p><strong>Versandkosten:<\/strong><\/p>\n\n\n\n<p>Wir berechnen die Versandkosten wie folgt:<\/p>\n\n\n\n<ul class=\"wp-block-list\">\n<li>Pakete nach Deutschland kosten 7,00\u20ac<\/li>\n\n\n\n<li>Pakete nach \u00d6sterreich und in die Schweiz kosten 6,00\u20ac<\/li>\n<\/ul>\n\n\n\n<p>Ab einem Bestellwert von 149,- \u20ac liefern wir versandkostenfrei.<\/p>\n\n\n\n<p>Lieferzeiten: Soweit im jeweiligen Angebot keine andere Frist angegeben ist, erfolgt die Lieferung der Ware im Inland (Deutschland) innerhalb von 3 bis 7 Werktagen. Beachte bitte, dass an Sonn- und Feiertagen keine Zustellung erfolgt.<\/p>\n\n\n\n<p>Die Kosten f\u00fcr die R\u00fccksendung k\u00f6nnen wir leider nicht tragen. <\/p>\n\n\n\n<h2 class=\"wp-block-heading\">2. Zahlungsinformationen:<\/h2>\n\n\n\n<p>Wir bieten folgende Zahlungsarten an:<\/p>\n\n\n\n<ul class=\"wp-block-list\">\n<li>Bank\u00fcberweisung<\/li>\n\n\n\n<li>PayPal<\/li>\n\n\n\n<li>Stripe<\/li>\n\n\n\n<li>MasterCard<\/li>\n\n\n\n<li>Visa<\/li>\n\n\n\n<li>Apple Pay<\/li>\n\n\n\n<li>Google Pay<\/li>\n<\/ul>\n\n\n\n<h3 class=\"wp-block-heading\">N\u00e4here Erl\u00e4uterungen:<\/h3>\n\n\n\n<h4 class=\"wp-block-heading\">Bank\u00fcberweisung<\/h4>\n\n\n\n<p>\u00dcberweise direkt an unsere Bankverbindung. Bitte nutze die Bestellnummer als Verwendungszweck. Deine Bestellung wird erst nach Geldeingang auf unserem Konto versandt. <\/p>\n\n\n\n<p>F\u00fcr \u00dcberweisungen in Euro verwende bitte die folgende IBAN: CH20 8080 8009 7428 6365 6<br>F\u00fcr \u00dcberweisungen in CHF verwende bitte die folgende IBAN: CH91 8080 8005 0661 8770 1<\/p>\n\n\n\n<h4 class=\"wp-block-heading\">PayPal<\/h4>\n\n\n\n<p>Nur wenige Schritte zur Zahlung:<\/p>\n\n\n\n<ol class=\"wp-block-list\">\n<li>W\u00e4hlen Sie an der Kasse \u201ePayPal\u201c als Zahlungsmethode.<\/li>\n\n\n\n<li>Um die Bezahlung abzuwickeln, werden Sie auf die PayPal-Website weitergeleitet.<\/li>\n\n\n\n<li>Wenn Sie bereits Kunde bei PayPal sind, k\u00f6nnen Sie sich mit Ihren PayPal-Benutzerdaten anmelden und die Zahlung veranlassen.<\/li>\n<\/ol>\n\n\n\n<p>Falls Sie noch kein PayPal-Konto haben, k\u00f6nnen Sie ein PayPal-Konto erstellen und dann die Zahlung best\u00e4tigen. F\u00fcr die Zahlungsarten Lastschrift via PayPal, Kreditkarte via PayPal und Kauf auf Rechnung via PayPal ist die Einrichtung eines PayPal-Kontos nicht notwendig.<\/p>\n\n\n\n<ol start=\"4\" class=\"wp-block-list\">\n<li>Danach werden Sie zu uns (www.keramiko.de) zur\u00fcckgeleitet.<\/li>\n<\/ol>\n\n\n\n<h4 class=\"wp-block-heading\">Apple Pay<\/h4>\n\n\n\n<p>Sie k\u00f6nnen im Rahmen des Bestellvorgangs mit Apple Pay bezahlen. Hierf\u00fcr m\u00fcssen Sie die Zahlung \u00fcber den Dienst \u201eApple Pay\u201c auf einem unterst\u00fctzten Apple-Endger\u00e4t unter Einhaltung von Verifizierungsschritten best\u00e4tigen. Apple Pay verwendet f\u00fcr die Transaktion die von Ihnen in der Apple-Wallet-App hinterlegten Zahlungsdaten. Weitere Informationen finden Sie unter&nbsp;<a href=\"https:\/\/support.apple.com\/apple-pay\" target=\"_blank\" rel=\"noreferrer noopener\">https:\/\/support.apple.com\/apple-pay<\/a><\/p>\n\n\n\n<h4 class=\"wp-block-heading\">Google Pay<\/h4>\n\n\n\n<p>Sie k\u00f6nnen im Rahmen des Bestellvorgangs mit Google Pay bezahlen. Hierf\u00fcr m\u00fcssen Sie die Zahlung \u00fcber die mobile App \u201eGoogle Pay\u201c auf einem unterst\u00fctzten Endger\u00e4t unter Einhaltung von Verifizierungsschritten best\u00e4tigen. Google Pay verwendet f\u00fcr die Transaktion die von Ihnen in der App hinterlegten Zahlungsdaten. Weitere Informationen finden Sie unter&nbsp;<a href=\"https:\/\/support.google.com\/pay\/merchants\/answer\/6345242?hl=de\" target=\"_blank\" rel=\"noreferrer noopener\">https:\/\/support.google.com\/pay\/merchants\/answer\/6345242?hl=de<\/a><\/p>\n\n\n\n<p>Weitere Einzelheiten finden Sie in unseren\u00a0<a href=\"\/rechtliches\/agb\/\">AGB<\/a>\u00a0und\u00a0<a href=\"\/rechtliches\/datenschutzerklaerung\/\">Datenschutzerkl\u00e4rung<\/a>.<\/p>\n\n\n\n<p><\/p>\n","protected":false},"excerpt":{"rendered":"<p>Zahlungs- und Versandinformationen 1. Versandinformationen: Liefergebiet:&nbsp;Deutschland, Schweiz, \u00d6sterreich Versandarten:&nbsp;Standardversand, wir verschicken unsere Pakete in nach Deutschland und \u00d6sterreich mit der \u00d6sterreichischen Post und die Pakete&hellip;<\/p>\n","protected":false},"author":649,"featured_media":0,"parent":9742,"menu_order":0,"comment_status":"closed","ping_status":"closed","template":"","meta":{"pmpro_default_level":"","_kad_blocks_custom_css":"","_kad_blocks_head_custom_js":"","_kad_blocks_body_custom_js":"","_kad_blocks_footer_custom_js":"","footnotes":""},"class_list":["post-9752","page","type-page","status-publish","hentry","pmpro-has-access"],"taxonomy_info":[],"featured_image_src_large":false,"author_info":{"display_name":"jukes","author_link":"https:\/\/www.christinavondreien.com\/en\/author\/jukes\/"},"comment_info":0,"_links":{"self":[{"href":"https:\/\/www.christinavondreien.com\/en\/wp-json\/wp\/v2\/pages\/9752","targetHints":{"allow":["GET"]}}],"collection":[{"href":"https:\/\/www.christinavondreien.com\/en\/wp-json\/wp\/v2\/pages"}],"about":[{"href":"https:\/\/www.christinavondreien.com\/en\/wp-json\/wp\/v2\/types\/page"}],"author":[{"embeddable":true,"href":"https:\/\/www.christinavondreien.com\/en\/wp-json\/wp\/v2\/users\/649"}],"replies":[{"embeddable":true,"href":"https:\/\/www.christinavondreien.com\/en\/wp-json\/wp\/v2\/comments?post=9752"}],"version-history":[{"count":1,"href":"https:\/\/www.christinavondreien.com\/en\/wp-json\/wp\/v2\/pages\/9752\/revisions"}],"predecessor-version":[{"id":88781,"href":"https:\/\/www.christinavondreien.com\/en\/wp-json\/wp\/v2\/pages\/9752\/revisions\/88781"}],"up":[{"embeddable":true,"href":"https:\/\/www.christinavondreien.com\/en\/wp-json\/wp\/v2\/pages\/9742"}],"wp:attachment":[{"href":"https:\/\/www.christinavondreien.com\/en\/wp-json\/wp\/v2\/media?parent=9752"}],"curies":[{"name":"wp","href":"https:\/\/api.w.org\/{rel}","templated":true}]}}